{"id":8,"date":"2025-12-28T10:59:00","date_gmt":"2025-12-28T09:59:00","guid":{"rendered":"http:\/\/windsor-pub-2"},"modified":"2026-01-01T15:31:02","modified_gmt":"2026-01-01T15:31:02","slug":"speisen-getraenke","status":"publish","type":"page","link":"https:\/\/windsor.pub\/?page_id=8","title":{"rendered":"Speisen &#038; Getr\u00e4nke"},"content":{"rendered":"\r\n<h2 class=\"wp-block-heading\">Speisen<\/h2>\r\n\r\n\r\n\r\n<ul class=\"wp-block-list\">\r\n<li>Burgers<\/li>\r\n<li>Chicken Nuggets<\/li>\r\n<li>Pommes<\/li>\r\n<li>Flammkuchen<\/li>\r\n<li>Saisonale Angebote vom Grill<\/li>\r\n<\/ul>\r\n\r\n\r\n\r\n<h2 class=\"wp-block-heading\">Getr\u00e4nke<\/h2>\r\n\r\n\r\n\r\n<ul class=\"wp-block-list\">\r\n<li>Offene Biere: Feldschl\u00f6sschen original, Feldschl\u00f6sschen helles, Valaisanne Zwickel<\/li>\r\n<li>Flachenbiere: Corona, Guiness, Moretti, Asahi\u00a0<\/li>\r\n<li>Diverse Aperitifs, Grappas, Rums, Tequilas und Gins<\/li>\r\n<li>Whisk(e)y \u2013 grosse Auswahl aus der Schweiz, Japan, Taiwan, USA, Schottland &amp; Irland<\/li>\r\n<li>Cocktails, wir erf\u00fcllen dir jeden Wunsch und auch alkoholfreie Alternativen<\/li>\r\n<\/ul>\r\n","protected":false},"excerpt":{"rendered":"<p>Speisen Burgers Chicken Nuggets Pommes Flammkuchen Saisonale Angebote vom Grill Getr\u00e4nke Offene Biere: Feldschl\u00f6sschen original, Feldschl\u00f6sschen helles, Valaisanne Zwickel Flachenbiere: [&hellip;]<\/p>\n","protected":false},"author":1,"featured_media":0,"parent":0,"menu_order":0,"comment_status":"closed","ping_status":"closed","template":"","meta":{"site-sidebar-layout":"default","site-content-layout":"","ast-site-content-layout":"default","site-content-style":"default","site-sidebar-style":"default","ast-global-header-display":"","ast-banner-title-visibility":"","ast-main-header-display":"","ast-hfb-above-header-display":"","ast-hfb-below-header-display":"","ast-hfb-mobile-header-display":"","site-post-title":"","ast-breadcrumbs-content":"","ast-featured-img":"","footer-sml-layout":"","ast-disable-related-posts":"","theme-transparent-header-meta":"default","adv-header-id-meta":"","stick-header-meta":"","header-above-stick-meta":"","header-main-stick-meta":"","header-below-stick-meta":"","astra-migrate-meta-layouts":"set","ast-page-background-enabled":"default","ast-page-background-meta":{"desktop":{"background-color":"var(--ast-global-color-5)","background-image":"","background-repeat":"repeat","background-position":"center center","background-size":"auto","background-attachment":"scroll","background-type":"","background-media":"","overlay-type":"","overlay-color":"","overlay-opacity":"","overlay-gradient":""},"tablet":{"background-color":"","background-image":"","background-repeat":"repeat","background-position":"center center","background-size":"auto","background-attachment":"scroll","background-type":"","background-media":"","overlay-type":"","overlay-color":"","overlay-opacity":"","overlay-gradient":""},"mobile":{"background-color":"","background-image":"","background-repeat":"repeat","background-position":"center center","background-size":"auto","background-attachment":"scroll","background-type":"","background-media":"","overlay-type":"","overlay-color":"","overlay-opacity":"","overlay-gradient":""}},"ast-content-background-meta":{"desktop":{"background-color":"var(--ast-global-color-4)","background-image":"","background-repeat":"repeat","background-position":"center center","background-size":"auto","background-attachment":"scroll","background-type":"","background-media":"","overlay-type":"","overlay-color":"","overlay-opacity":"","overlay-gradient":""},"tablet":{"background-color":"var(--ast-global-color-4)","background-image":"","background-repeat":"repeat","background-position":"center center","background-size":"auto","background-attachment":"scroll","background-type":"","background-media":"","overlay-type":"","overlay-color":"","overlay-opacity":"","overlay-gradient":""},"mobile":{"background-color":"var(--ast-global-color-4)","background-image":"","background-repeat":"repeat","background-position":"center center","background-size":"auto","background-attachment":"scroll","background-type":"","background-media":"","overlay-type":"","overlay-color":"","overlay-opacity":"","overlay-gradient":""}},"footnotes":""},"class_list":["post-8","page","type-page","status-publish","hentry"],"_links":{"self":[{"href":"https:\/\/windsor.pub\/index.php?rest_route=\/wp\/v2\/pages\/8","targetHints":{"allow":["GET"]}}],"collection":[{"href":"https:\/\/windsor.pub\/index.php?rest_route=\/wp\/v2\/pages"}],"about":[{"href":"https:\/\/windsor.pub\/index.php?rest_route=\/wp\/v2\/types\/page"}],"author":[{"embeddable":true,"href":"https:\/\/windsor.pub\/index.php?rest_route=\/wp\/v2\/users\/1"}],"replies":[{"embeddable":true,"href":"https:\/\/windsor.pub\/index.php?rest_route=%2Fwp%2Fv2%2Fcomments&post=8"}],"version-history":[{"count":2,"href":"https:\/\/windsor.pub\/index.php?rest_route=\/wp\/v2\/pages\/8\/revisions"}],"predecessor-version":[{"id":48,"href":"https:\/\/windsor.pub\/index.php?rest_route=\/wp\/v2\/pages\/8\/revisions\/48"}],"wp:attachment":[{"href":"https:\/\/windsor.pub\/index.php?rest_route=%2Fwp%2Fv2%2Fmedia&parent=8"}],"curies":[{"name":"wp","href":"https:\/\/api.w.org\/{rel}","templated":true}]}}